{"id":146,"date":"2025-08-20T12:43:12","date_gmt":"2025-08-20T10:43:12","guid":{"rendered":"https:\/\/islatravelandevents.com\/?page_id=146"},"modified":"2025-08-28T11:50:20","modified_gmt":"2025-08-28T09:50:20","slug":"aviso-legal","status":"publish","type":"page","link":"https:\/\/islatravelandevents.com\/en\/aviso-legal\/","title":{"rendered":"Aviso Legal"},"content":{"rendered":"<p><strong>1. Objeto y aceptaci\u00f3n<\/strong><\/p>\n\n\n\n<p>El presente aviso legal regula el uso del sitio Web: islatravelandevents.com<\/p>\n\n\n\n<p>El sitio web islatravelandevents.com presta servicios cuyo objetivo primordial es permitir el contacto entre los usuarios y la empresa, bien para ponerse en contacto con nosotros o para pedir presupuestos.<\/p>\n\n\n\n<p>La navegaci\u00f3n por la p\u00e1gina islatravelandevents.com atribuye la condici\u00f3n de usuario de la misma e implica la aceptaci\u00f3n plena y sin reservas de todas y cada una de las disposiciones incluidas en este Aviso Legal, que pueden sufrir modificaciones.<\/p>\n\n\n\n<p>El usuario se obliga a hacer un uso correcto del sitio Web de conformidad con las leyes, la buena fe, el orden p\u00fablico, los usos del tr\u00e1fico y el presente Aviso Legal. El Usuario responder\u00e1 frente a&nbsp;ISLA TRAVEL &amp; EVENTS&nbsp;y frente a terceros, de los da\u00f1os y perjuicios que pudieran causarse como consecuencia del incumplimiento de dicha obligaci\u00f3n.<\/p>\n\n\n\n<p><strong>2. Titularidad de la web e identificaci\u00f3n del Prestador de Servicios de la Sociedad de la Informaci\u00f3n<\/strong><\/p>\n\n\n\n<p>Con la finalidad de dar cumplimiento al principio de Informaci\u00f3n general exigido por el Art\u00edculo 10 de la Ley 34\/2002, de 11 de julio, de servicios de la sociedad de la informaci\u00f3n y de comercio electr\u00f3nico\u00a0 informamos a nuestros usuarios que el presente sitio web pertenece a\u00a0 Claudia Mar\u00eda Hern\u00e1ndez Pi\u00f1ero con NIF 79070352D<\/p>\n\n\n\n<figure class=\"wp-block-table\"><table class=\"has-fixed-layout\"><tbody><tr><td>Direcci\u00f3n:<strong><\/strong><\/td><td>&nbsp;<\/td><td>Calle Obispo P\u00e9rez C\u00e1ceres, 11 &#8211; 4 dch, 38006, Santa Cruz de Tenerife<\/td><\/tr><tr><td>Correo-e:<\/td><td>&nbsp;<\/td><td>info@islatravelandevents.com<\/td><\/tr><tr><td>Tel\u00e9fono:<\/td><td>&nbsp;<\/td><td>641 751 911<\/td><\/tr><tr><td>Web alojada por:<\/td><td>&nbsp;<\/td><td>Hostinger<\/td><\/tr><\/tbody><\/table><\/figure>\n\n\n\n<p>&nbsp;<strong>3. Condiciones generales de acceso y utilizaci\u00f3n<\/strong><\/p>\n\n\n\n<p>El sitio Web y sus servicios son de acceso libre y gratuito, si bien la utilizaci\u00f3n de determinadas \u00e1reas o servicios est\u00e1 condicionada a cumplimentar formularios de recogida de datos. S\u00f3lo los mayores de 18 a\u00f1os podr\u00e1n facilitar datos a trav\u00e9s de nuestra web, y los menores de 16 a\u00f1os no pueden facilitarlos sin el consentimiento de los padres o tutores.<\/p>\n\n\n\n<p>El Usuario garantiza la autenticidad y actualidad de todos aquellos datos que comunique a&nbsp;ISLA TRAVEL &amp; EVENTS&nbsp;y ser\u00e1 el \u00fanico responsable de las manifestaciones falsas o inexactas que realice.<\/p>\n\n\n\n<p>islatravelandevents.com tiene los siguientes tipos de usuarios:<\/p>\n\n\n\n<p>Usuarios que aportan datos en cualquiera de los formularios disponibles:&nbsp;Los datos personales que ISLA TRAVEL &amp; EVENTS solicita incluye el nombre y direcci\u00f3n electr\u00f3nica y los proporcionados por el propio usuario al rellenar los formularios.<\/p>\n\n\n\n<p><strong>3.1. Reglas y prohibiciones de uso para usuarios de nuestros servicios<\/strong><\/p>\n\n\n\n<p>El Usuario se compromete expresamente a hacer un uso adecuado de los contenidos y servicios ofrecidos y a no emplearlos para:<\/p>\n\n\n\n<ul class=\"wp-block-list\">\n<li>Difundir contenidos delictivos, violentos, pornogr\u00e1ficos, racistas, xen\u00f3fobo, ofensivos, de apolog\u00eda del terrorismo o, en general, contrarios a la ley o al orden p\u00fablico.<\/li>\n\n\n\n<li>Introducir en la red virus inform\u00e1ticos o realizar actuaciones susceptibles de alterar, estropear, interrumpir o generar errores o da\u00f1os en los documentos electr\u00f3nicos, datos o sistemas f\u00edsicos y l\u00f3gicos de&nbsp;ISLA TRAVEL &amp; EVENTS&nbsp;o de terceras personas; as\u00ed como obstaculizar el acceso de otros Usuarios al sitio Web y a sus servicios.<\/li>\n\n\n\n<li>Intentar acceder a \u00e1reas restringidas de los sistemas inform\u00e1ticos de&nbsp;ISLA TRAVEL &amp; EVENTS&nbsp;o de terceros y, en su caso, extraer informaci\u00f3n.<\/li>\n\n\n\n<li>Vulnerar los derechos de propiedad intelectual o industrial, as\u00ed como violar la confidencialidad de la informaci\u00f3n de&nbsp;ISLA TRAVEL &amp; EVENTS&nbsp;o de terceros.<\/li>\n\n\n\n<li>Suplantar la identidad de otro Usuario, de las administraciones p\u00fablicas o de un tercero.<\/li>\n\n\n\n<li>Reproducir, copiar, distribuir, poner a disposici\u00f3n o de cualquier otra forma comunicar p\u00fablicamente, transformar o modificar los Contenidos, a menos que se cuente con la autorizaci\u00f3n del titular de los correspondientes derechos o ello resulte legalmente permitido<\/li>\n\n\n\n<li>Recabar datos con finalidad publicitaria y de remitir publicidad de cualquier clase y comunicaciones con fines de venta u otras de naturaleza comercial sin que medie su previa solicitud o consentimiento.<\/li>\n<\/ul>\n\n\n\n<p><strong>3.2. Procedimiento en caso de realizaci\u00f3n de actividades de car\u00e1cter il\u00edcito<\/strong><\/p>\n\n\n\n<p>En el caso de que cualquier usuario o un tercero considere que existen hechos o circunstancias que revelen el car\u00e1cter il\u00edcito de la utilizaci\u00f3n de cualquier contenido y\/o de la realizaci\u00f3n de cualquier actividad en las p\u00e1ginas Web incluidas o accesibles a trav\u00e9s del sitio Web, deber\u00e1 enviar una notificaci\u00f3n a&nbsp;ISLA TRAVEL &amp; EVENTS&nbsp;identific\u00e1ndose debidamente, especificando las supuestas infracciones y declarando expresamente y bajo su responsabilidad que la informaci\u00f3n proporcionada en la notificaci\u00f3n es exacta.<\/p>\n\n\n\n<p><strong>4. Pol\u00edtica de privacidad<\/strong><\/p>\n\n\n\n<p>El usuario puede consultar c\u00f3mo ISLA TRAVEL &amp; EVENTS utiliza sus datos y las medidas de seguridad implantadas en el siguiente enlace:&nbsp;\u00abpol\u00edtica de privacidad\u00bb<\/p>\n\n\n\n<p><strong>5. Pol\u00edtica de cookies<\/strong><\/p>\n\n\n\n<p>ISLA TRAVEL &amp; EVENTS instala cookies en el ordenador del usuario. Para conocer m\u00e1s las cookies de nuestro sitio web acuda al siguiente enlace:&nbsp;\u00abpol\u00edtica de cookies\u00bb<\/p>\n\n\n\n<p><strong>6. Notificaciones<\/strong><\/p>\n\n\n\n<p>Todas las notificaciones y comunicaciones entre los usuarios y&nbsp;ISLA TRAVEL &amp; EVENTS&nbsp; se considerar\u00e1n eficaces, a todos los efectos, cuando se realicen a trav\u00e9s de correo postal o correo electr\u00f3nico o comunicaci\u00f3n telef\u00f3nica. Los usuarios deber\u00e1n dirigirse a&nbsp;ISLA TRAVEL &amp; EVENTS&nbsp;mediante:<\/p>\n\n\n\n<ul class=\"wp-block-list\">\n<li>Env\u00edo por correo postal a la siguiente direcci\u00f3n:&nbsp;CalleCalle Obispo P\u00e9rez C\u00e1ceres, 11 &#8211; 4 dch, 38006, Santa Cruz de Tenerife<\/li>\n\n\n\n<li>Env\u00edo por correo electr\u00f3nico a la siguiente direcci\u00f3n: info@islatravelanadevents.com<\/li>\n<\/ul>\n\n\n\n<p><strong>7. Propiedad Industrial y propiedad intelectual<\/strong><\/p>\n\n\n\n<p>Todos los contenidos del sitio Web, como textos, fotograf\u00edas, gr\u00e1ficos, im\u00e1genes, iconos, tecnolog\u00eda, software, as\u00ed como su dise\u00f1o gr\u00e1fico y c\u00f3digos fuente, constituyen una obra cuya propiedad pertenece a&nbsp;ISLA TRAVEL &amp; EVENTS sin que puedan entenderse cedidos al Usuario ninguno de los derechos de explotaci\u00f3n sobre los mismos m\u00e1s all\u00e1 de lo estrictamente necesario para el correcto uso de la Web.<\/p>\n\n\n\n<p>En definitiva, los usuarios que accedan a este sitio Web pueden visualizar los contenidos y efectuar, en su caso, copias privadas autorizadas siempre que los elementos reproducidos no sean cedidos posteriormente a terceros, ni se instalen a servidores conectados a redes, ni sean objeto de ning\u00fan tipo de explotaci\u00f3n y \u00fanica y exclusivamente mientras se encuentre en vigor el servicio.<\/p>\n\n\n\n<p>Asimismo, todas las marcas, nombres comerciales o signos distintivos de cualquier clase que aparecen en el sitio Web son propiedad de&nbsp;ISLA TRAVEL &amp; EVENTS, sin que pueda entenderse que el uso o acceso al mismo atribuya al Usuario derecho alguno sobre los mismos.<\/p>\n\n\n\n<p>Quedan prohibidas la distribuci\u00f3n, modificaci\u00f3n, cesi\u00f3n o comunicaci\u00f3n p\u00fablica de los contenidos y cualquier otro acto que no haya sido expresamente autorizado por&nbsp;ISLA TRAVEL &amp; EVENTS.&nbsp;En caso de incumplimiento&nbsp;ISLA TRAVEL &amp; EVENTS&nbsp;proceder\u00e1 a adoptar las medidas legales oportunas.<\/p>\n\n\n\n<p><strong>8. Exenci\u00f3n de responsabilidad y modificaci\u00f3n del presente aviso legal<\/strong><\/p>\n\n\n\n<p>La informaci\u00f3n que se difunde en esta web se hace \u00fanica y exclusivamente a t\u00edtulo informativo, reserv\u00e1ndose&nbsp;ISLA TRAVEL &amp; EVENTS&nbsp;el derecho de eliminar o suspender su difusi\u00f3n, total o parcialmente, y a modificar la estructura y contenido de este sitio Web sin aviso previo, pudiendo incluso limitar o no permitir el acceso a dicha informaci\u00f3n. ISLA TRAVEL &amp; EVENTS intenta&nbsp; mantener la calidad y actualizaci\u00f3n de esta informaci\u00f3n y evitar y minimizar posibles errores pero&nbsp;ISLA TRAVEL &amp; EVENTS&nbsp;no responder\u00e1 de los da\u00f1os o perjuicios causados por decisiones tomadas en base a la informaci\u00f3n difundida; ni de inexactitudes, omisiones o errores contenidos en el mismo, ni de los problemas que se originen por el uso de este sitio Web u otro de conexi\u00f3n externa; ni de los da\u00f1os y\/o perjuicios en el software o hardware del usuario que se deriven del acceso a este sitio Web.<\/p>\n\n\n\n<p>Los Usuarios aceptan expresamente que&nbsp;ISLA TRAVEL &amp; EVENTS&nbsp;&nbsp;no ser\u00e1 responsable del acceso no autorizado o alteraci\u00f3n de sus transmisiones o datos, de cualquier material o datos enviados o recibidos o no enviados o recibidos, ni de ninguna transacci\u00f3n realizada a trav\u00e9s de su web.<\/p>\n\n\n\n<p>ISLA TRAVEL &amp; EVENTS&nbsp;se reserva el derecho a modificar el presente aviso legal unilateralmente y sin preaviso&nbsp; en los t\u00e9rminos y condiciones que estime conveniente con la \u00fanica obligaci\u00f3n de informar al usuario de las modificaciones efectuadas a trav\u00e9s de&nbsp;islatravelandevents.com<\/p>\n\n\n\n<p><strong>9. Nulidad parcial<\/strong><\/p>\n\n\n\n<p>Si alguna de las presentes cl\u00e1usulas fuese declarada nula y sin efecto por resoluci\u00f3n firme dictada por autoridad competente, los restantes t\u00e9rminos y condiciones permanecer\u00e1n en vigor, sin que queden afectados por dicha declaraci\u00f3n de nulidad.<\/p>\n\n\n\n<p><strong>10. Ley aplicable y tribunales competentes<\/strong><\/p>\n\n\n\n<p>El presente sitio web queda sometido a lo establecido por la legislaci\u00f3n espa\u00f1ola y normativa europea que resulte de aplicaci\u00f3n<\/p>\n\n\n\n<p>Cualquier controversia que surja o guarde relaci\u00f3n con el uso de la p\u00e1gina web o con dichos productos ser\u00e1 sometida a la&nbsp;jurisdicci\u00f3n no exclusiva&nbsp;de los juzgados y tribunales espa\u00f1oles de la provincia de S\/C de Tenerife.<\/p>\n\n\n\n<p>Si se trata de un consumidor final nada en la presente cl\u00e1usula afectar\u00e1 a los derechos que como tal le reconoce la legislaci\u00f3n vigente, pudiendo elegir presentar una reclamaci\u00f3n para hacer valer sus derechos en relaci\u00f3n con las presentes Condiciones ante el Juez o Tribunales que correspondan a su domicilio.<\/p>","protected":false},"excerpt":{"rendered":"<p>1. Objeto y aceptaci\u00f3n El presente aviso legal regula el uso del sitio Web: islatravelandevents.com El sitio web islatravelandevents.com presta servicios cuyo objetivo primordial es permitir el contacto entre los usuarios y la empresa, bien para ponerse en contacto con nosotros o para pedir presupuestos. La navegaci\u00f3n por la p\u00e1gina islatravelandevents.com atribuye la condici\u00f3n de [&hellip;]<\/p>\n","protected":false},"author":1,"featured_media":0,"parent":0,"menu_order":0,"comment_status":"closed","ping_status":"closed","template":"","meta":{"_et_pb_use_builder":"off","_et_pb_old_content":"","_et_gb_content_width":"","_joinchat":[],"footnotes":""},"class_list":["post-146","page","type-page","status-publish","hentry"],"_links":{"self":[{"href":"https:\/\/islatravelandevents.com\/en\/wp-json\/wp\/v2\/pages\/146","targetHints":{"allow":["GET"]}}],"collection":[{"href":"https:\/\/islatravelandevents.com\/en\/wp-json\/wp\/v2\/pages"}],"about":[{"href":"https:\/\/islatravelandevents.com\/en\/wp-json\/wp\/v2\/types\/page"}],"author":[{"embeddable":true,"href":"https:\/\/islatravelandevents.com\/en\/wp-json\/wp\/v2\/users\/1"}],"replies":[{"embeddable":true,"href":"https:\/\/islatravelandevents.com\/en\/wp-json\/wp\/v2\/comments?post=146"}],"version-history":[{"count":6,"href":"https:\/\/islatravelandevents.com\/en\/wp-json\/wp\/v2\/pages\/146\/revisions"}],"predecessor-version":[{"id":298,"href":"https:\/\/islatravelandevents.com\/en\/wp-json\/wp\/v2\/pages\/146\/revisions\/298"}],"wp:attachment":[{"href":"https:\/\/islatravelandevents.com\/en\/wp-json\/wp\/v2\/media?parent=146"}],"curies":[{"name":"wp","href":"https:\/\/api.w.org\/{rel}","templated":true}]}}