{"id":150,"date":"2025-08-20T12:43:52","date_gmt":"2025-08-20T10:43:52","guid":{"rendered":"https:\/\/islatravelandevents.com\/?page_id=150"},"modified":"2025-08-28T11:49:59","modified_gmt":"2025-08-28T09:49:59","slug":"politica-de-privacidad","status":"publish","type":"page","link":"https:\/\/islatravelandevents.com\/en\/politica-de-privacidad\/","title":{"rendered":"Privacy policy"},"content":{"rendered":"<p><strong>INFORMACI\u00d3N B\u00c1SICA DE PROTECCI\u00d3N DE DATOS<\/strong><\/p>\n\n\n\n<figure class=\"wp-block-table\"><table class=\"has-fixed-layout\"><tbody><tr><td><strong>Responsable<\/strong><strong><\/strong><\/td><td>Claudia Mar\u00eda Hern\u00e1ndez Pi\u00f1ero + info<\/td><\/tr><tr><td><strong>Finalidad<\/strong><\/td><td>Atender las solicitudes realizadas a trav\u00e9s de la web, gestionar el env\u00edo de informaci\u00f3n. + info<\/td><\/tr><tr><td><strong>Legitimaci\u00f3n<\/strong><\/td><td>Consentimiento del interesado y ejecuci\u00f3n de un precontrato\/ contrato + info<\/td><\/tr><tr><td><strong>Destinatarios<\/strong><\/td><td>No se ceder\u00e1n datos a terceros salvo obligaci\u00f3n legal o en el supuesto que sea necesario para atender su solicitud + info<\/td><\/tr><tr><td><strong>Derechos<\/strong><\/td><td>Podr\u00e1 ejercer los derechos de acceso, rectificaci\u00f3n, supresi\u00f3n y oposici\u00f3n, limitaci\u00f3n del tratamiento, portabilidad de datos y a no ser objeto de decisiones individualizadas automatizadas.&nbsp; + info<\/td><\/tr><tr><td><strong>Informaci\u00f3n adicional<\/strong><\/td><td>Puede consultar la informaci\u00f3n adicional sobre protecci\u00f3n de Datos en nuestra web. + info<\/td><\/tr><\/tbody><\/table><\/figure>\n\n\n\n<p>ISLA TRAVEL &amp; EVENTS en adelante, se compromete a cumplir la legislaci\u00f3n vigente en cada momento en materia de tratamiento de datos de car\u00e1cter personal. Mediante la siguiente pol\u00edtica de privacidad ISLA TRAVEL &amp; EVENTS, de conformidad con los requisitos previstos en el RGPD informa a los usuarios de:<\/p>\n\n\n\n<h2 class=\"wp-block-heading\">1.&nbsp; \u00bfQUI\u00c9N ES EL RESPONSABLE DEL TRATAMIENTO DE SUS DATOS?<\/h2>\n\n\n\n<p>El responsable del tratamiento de sus datos es ISLA TRAVEL &amp; EVENTS:<\/p>\n\n\n\n<figure class=\"wp-block-table\"><table class=\"has-fixed-layout\"><tbody><tr><td><strong>Identidad<\/strong><\/td><td>Claudia Mar\u00eda Hern\u00e1ndez Pi\u00f1ero \u2013NIF 79070352D<\/td><\/tr><tr><td><strong>Direcci\u00f3n<\/strong><\/td><td>Calle Obispo P\u00e9rez C\u00e1ceres, 11 &#8211; 4 dch, 38006, Santa Cruz de Tenerife<\/td><\/tr><tr><td><strong>Phone<\/strong><\/td><td>641 751 911<\/td><\/tr><tr><td><strong>Web<\/strong><\/td><td>Islatravelandevents.com<\/td><\/tr><tr><td><strong>Correo-e<\/strong><\/td><td>info@Islatravelandevents.com<\/td><\/tr><\/tbody><\/table><\/figure>\n\n\n\n<p>ISLA TRAVEL &amp; EVENTS informa al usuario que los datos que nos facilite a trav\u00e9s de la navegaci\u00f3n por nuestra web, el formulario de contacto o en el env\u00edo de correos electr\u00f3nicos, van a ser tratados por ISLA TRAVEL &amp; EVENTS y que dicho tratamiento se encuentra recogido en el Registro de Actividades de tratamiento gestionado por ISLA TRAVEL &amp; EVENTS conforme a lo establecido en el RGPD.<\/p>\n\n\n\n<h2 class=\"wp-block-heading\">2.&nbsp; \u00bfPARA QU\u00c9 SE UTILIZAN SUS DATOS PERSONALES?<\/h2>\n\n\n\n<p>En Islatravelandevents.com cuando el usuario acepta nuestra pol\u00edtica de privacidad nos autoriza a utilizar y tratar los datos personales suministrados para:<\/p>\n\n\n\n<ul class=\"wp-block-list\">\n<li>Remitirle la informaci\u00f3n y prestarle el servicio que soliciten mediante los diversos formularios disponibles en nuestra web.<\/li>\n\n\n\n<li>Facilitarle informaci\u00f3n sobre las ofertas, productos y servicios solicitados.<\/li>\n\n\n\n<li>Ocasionalmente, ISLA TRAVEL &amp; EVENTS podr\u00e1 utilizar sus datos de car\u00e1cter personal para enviarle notificaciones por medio de correo electr\u00f3nico. Dichas notificaciones se har\u00e1n para informar sobre las modificaciones en nuestros servicios o productos o en nuestras pol\u00edticas condiciones legales.<\/li>\n\n\n\n<li>Remitirle comunicaciones comerciales sobre ofertas, actividades y promociones de ISLA TRAVEL &amp; EVENTS y del sector de que pudieran ser de su inter\u00e9s por medios convencionales o electr\u00f3nicos cuando haya marcado la casilla de que desea recibir informaci\u00f3n.<\/li>\n<\/ul>\n\n\n\n<h2 class=\"wp-block-heading\">3.&nbsp; \u00bfCUAL ES LA LEGITIMACI\u00d3N PARA EL TRATAMIENTO DE SUS DATOS?<\/h2>\n\n\n\n<p>La legitimaci\u00f3n para el tratamiento de sus datos por parte de ISLA TRAVEL &amp; EVENTS se basa en:<\/p>\n\n\n\n<ul class=\"wp-block-list\">\n<li>En el&nbsp;<strong>consentimiento del usuario<\/strong>&nbsp;para el env\u00edo de comunicaciones comerciales de las ofertas, actividades y promociones de ISLA TRAVEL &amp; EVENTS y del sector de que pudieran ser de su inter\u00e9s y de la gesti\u00f3n de nuestro blog. El usuario puede revocar en cualquier momento el consentimiento prestado.<\/li>\n<\/ul>\n\n\n\n<h2 class=\"wp-block-heading\">4.&nbsp; \u00bfPOR CU\u00c1NTO TIEMPO CONSERVAMOS SUS DATOS?<\/h2>\n\n\n\n<p>Los datos para remitirle la informaci\u00f3n o prestarle el servicio que soliciten mediante los diversos formularios disponibles en nuestra web ser\u00e1n conservados durante el tiempo que la relaci\u00f3n contractual se encuentre vigente, y una vez finalizada durante el plazo de prescripci\u00f3n legales.<\/p>\n\n\n\n<p>Los datos tratados para el env\u00edo de comunicaciones comerciales sobre ofertas, actividades y promociones de ISLA TRAVEL &amp; EVENTS y del sector de que pudieran ser de su inter\u00e9s, gesti\u00f3n de sus comentarios en el blog ser\u00e1n conservados en tanto en cuanto el usuario no revoque el&nbsp; consentimiento prestado.<\/p>\n\n\n\n<h2 class=\"wp-block-heading\">5.&nbsp; \u00bfQU\u00c9 TIPO DE DATOS TRATAMOS DE NUESTROS USUARIOS?<\/h2>\n\n\n\n<p>ISLA TRAVEL &amp; EVENTS trata las siguientes categor\u00edas de datos:<\/p>\n\n\n\n<ol style=\"list-style-type:lower-alpha\" class=\"wp-block-list\">\n<li><strong>Datos de los usuarios que rellenan cualquiera de los formularios disponibles:&nbsp;<\/strong>Los datos personales que ISLA TRAVEL &amp; EVENTS solicita incluyen:<\/li>\n\n\n\n<li><strong>Datos identificativos:&nbsp;<\/strong>nombre y apellidos, tel\u00e9fono, direcci\u00f3n postal y electr\u00f3nica<\/li>\n\n\n\n<li><strong>Datos relativos a la solicitud<\/strong><\/li>\n<\/ol>\n\n\n\n<p><strong>S\u00f3lo los mayores de 16 a\u00f1os<\/strong>&nbsp;pueden facilitar datos a trav\u00e9s de nuestra web. Si eres menor de esta edad deber\u00e1s contar con el consentimiento de tus padres o tutores legales.<\/p>\n\n\n\n<p>El Usuario garantiza la autenticidad y actualidad de todos aquellos datos que comunique a ISLA TRAVEL &amp; EVENTS y declara que es mayor de 16 a\u00f1os, y ser\u00e1 el \u00fanico responsable de las manifestaciones falsas o inexactas que realice.<\/p>\n\n\n\n<p>Los datos de car\u00e1cter personal tratados por ISLA TRAVEL &amp; EVENTS pueden ser obligatorios o voluntarios.<\/p>\n\n\n\n<p>La informaci\u00f3n voluntaria es aquella que el usuario no est\u00e1 obligado a facilitar para contactar con nosotros.<\/p>\n\n\n\n<p>Los campos marcados con un asterisco (*) o con la palabra (requerido) en nuestros formularios son de cumplimentaci\u00f3n obligatoria, la negativa a suministrarlos supondr\u00e1 la imposibilidad de prestarle el servicio o atender su solicitud.<\/p>\n\n\n\n<p>En el caso que nos facilites datos de terceros, manifiestas contar con el consentimiento de los mismos y te comprometes a trasladarle la informaci\u00f3n que te facilitamos en esta cl\u00e1usula, eximiendo a ISLA TRAVEL &amp; EVENTS de cualquier tipo de obligaci\u00f3n. No obstante ISLA TRAVEL &amp; EVENTS podr\u00e1 llevar a cabo verificaciones para constatar que el tercero ha sido informado adoptando las medidas de diligencia establecidas en la normativa de protecci\u00f3n de datos.<\/p>\n\n\n\n<h2 class=\"wp-block-heading\">6.&nbsp; \u00bfA QU\u00c9 DESTINATARIOS SE COMUNICAR\u00c1N SUS DATOS?<\/h2>\n\n\n\n<p>No se ceder\u00e1n datos a terceros salvo obligaci\u00f3n legal o en el supuesto que sea necesario para atender su solicitud.<\/p>\n\n\n\n<h2 class=\"wp-block-heading\">7.&nbsp; \u00bfQU\u00c9 DERECHOS LE ASISTEN Y C\u00d3MO PUEDE EJERCITARLOS?<\/h2>\n\n\n\n<p>El usuario puede ejercer los siguiente derechos ante ISLA TRAVEL &amp; EVENTS:<\/p>\n\n\n\n<ul class=\"wp-block-list\">\n<li>Acceder a sus datos personales<\/li>\n\n\n\n<li>Rectificarlos cuando son inexactos o incompletos<\/li>\n\n\n\n<li>Solicitar la supresi\u00f3n o cancelaci\u00f3n de los datos cuando, entre otros motivos hayan dejado de ser necesarios para los fines para los que fueron recogidos<\/li>\n\n\n\n<li>Oponerse a su tratamiento<\/li>\n\n\n\n<li>Pedir la limitaci\u00f3n del tratamiento de sus datos cuando se den alguna de las condiciones previstas en la normativa<\/li>\n\n\n\n<li>Solicitar la portabilidad de sus datos en los casos previstos en la normativa<\/li>\n\n\n\n<li>Impedir ser objeto de decisiones automatizadas<\/li>\n\n\n\n<li>Revocar los consentimientos otorgados<\/li>\n<\/ul>\n\n\n\n<p>El usuario para ejercer sus derechos, deber\u00e1 enviar un escrito en el que indique el derecho que desea ejercitar y acompa\u00f1ar documento acreditativo de su identidad y direcci\u00f3n postal o electr\u00f3nica a efectos de notificaci\u00f3n. Esta solicitud puede realizarla, bien mediante correo postal a: ISLA TRAVEL &amp; EVENTS &#8211; Calle Obispo P\u00e9rez C\u00e1ceres, 11 &#8211; 4 dch, 38006, Santa Cruz de Tenerife o bien en la siguiente direcci\u00f3n de correo-e: info@islatravelandevents.com.<\/p>\n\n\n\n<p>ISLA TRAVEL &amp; EVENTS deber\u00e1 contestar la solicitud del ejercicio de derechos en el&nbsp;<strong>plazo de un mes<\/strong>&nbsp;a partir de la recepci\u00f3n de la solicitud. Dicho plazo podr\u00e1 prorrogarse otros dos meses en caso necesario, teniendo en cuenta la complejidad y el n\u00famero de solicitudes.&nbsp; Le informaremos de cualquier pr\u00f3rroga en el plazo de un mes a partir de la recepci\u00f3n de la solicitud indicando los motivos de la dilaci\u00f3n.<\/p>\n\n\n\n<p>Asimismo, los interesados tienen derecho a reclamar ante la Autoridad de Control competente (Agencia Espa\u00f1ola de Protecci\u00f3n de Datos) cuando consideren que ISLA TRAVEL &amp; EVENTS ha vulnerado los derechos que la normativa de protecci\u00f3n de datos les reconoce en&nbsp;<a href=\"http:\/\/www.aepd.es\/\" target=\"_blank\" rel=\"noopener\">www.aepd.es<\/a><\/p>\n\n\n\n<h2 class=\"wp-block-heading\">8.&nbsp; \u00bfEST\u00c1N SEGUROS MIS DATOS?<\/h2>\n\n\n\n<p>ISLA TRAVEL &amp; EVENTS tiene vigente un contrato con la empresa de Hosting HOSTINGER.COM &nbsp;para el alojamiento de su p\u00e1gina web. Es una empresa europea y dispone de los \u00faltimos sistemas en medidas de seguridad.<\/p>\n\n\n\n<p>ISLA TRAVEL &amp; EVENTS garantiza la adopci\u00f3n de las medidas oportunas para asegurar el tratamiento confidencial de sus datos habida cuenta del car\u00e1cter reservado de los mismos.<\/p>\n\n\n\n<p>ISLA TRAVEL &amp; EVENTS se compromete a que dichos datos permanezcan secretos, trat\u00e1ndolos con la m\u00e1xima reserva, y declara tener implantadas en su sistema de informaci\u00f3n, las pol\u00edticas de seguridad correspondientes al tipo de datos manejados conforme a lo dispuesto en el&nbsp; REGLAMENTO (UE) 2016\/679 DEL PARLAMENTO EUROPEO Y DEL CONSEJO de 27 de abril de 2016 relativo a la protecci\u00f3n de las personas f\u00edsicas en lo que respecta al tratamiento de datos personales y a la libre circulaci\u00f3n de estos datos (RGPD).<\/p>\n\n\n\n<p>Todos los datos facilitados a trav\u00e9s de nuestra plataforma se realiza mediante un protocolo seguro. Nuestra web posee un certificado SSL que permite que cuando alg\u00fan usuario visita nuestra web e intercambia informaci\u00f3n con nosotros se establece una conexi\u00f3n cifrada.<\/p>\n\n\n\n<h2 class=\"wp-block-heading\">9.&nbsp; ENLACES A OTROS SITIOS WEB<\/h2>\n\n\n\n<p>Si opta por abandonar nuestro sitio Web a trav\u00e9s de enlaces a otros sitios Web no pertenecientes a nuestra entidad, ISLA TRAVEL &amp; EVENTS no se har\u00e1 responsable de las pol\u00edticas de privacidad de dichos sitios Web ni de las cookies que estos puedan almacenar en el ordenador del usuario.<\/p>","protected":false},"excerpt":{"rendered":"<p>INFORMACI\u00d3N B\u00c1SICA DE PROTECCI\u00d3N DE DATOS Responsable Claudia Mar\u00eda Hern\u00e1ndez Pi\u00f1ero + info Finalidad Atender las solicitudes realizadas a trav\u00e9s de la web, gestionar el env\u00edo de informaci\u00f3n. + info Legitimaci\u00f3n Consentimiento del interesado y ejecuci\u00f3n de un precontrato\/ contrato + info Destinatarios No se ceder\u00e1n datos a terceros salvo obligaci\u00f3n legal o en el [&hellip;]<\/p>\n","protected":false},"author":1,"featured_media":0,"parent":0,"menu_order":0,"comment_status":"closed","ping_status":"closed","template":"","meta":{"_et_pb_use_builder":"off","_et_pb_old_content":"","_et_gb_content_width":"","_joinchat":[],"footnotes":""},"class_list":["post-150","page","type-page","status-publish","hentry"],"_links":{"self":[{"href":"https:\/\/islatravelandevents.com\/en\/wp-json\/wp\/v2\/pages\/150","targetHints":{"allow":["GET"]}}],"collection":[{"href":"https:\/\/islatravelandevents.com\/en\/wp-json\/wp\/v2\/pages"}],"about":[{"href":"https:\/\/islatravelandevents.com\/en\/wp-json\/wp\/v2\/types\/page"}],"author":[{"embeddable":true,"href":"https:\/\/islatravelandevents.com\/en\/wp-json\/wp\/v2\/users\/1"}],"replies":[{"embeddable":true,"href":"https:\/\/islatravelandevents.com\/en\/wp-json\/wp\/v2\/comments?post=150"}],"version-history":[{"count":5,"href":"https:\/\/islatravelandevents.com\/en\/wp-json\/wp\/v2\/pages\/150\/revisions"}],"predecessor-version":[{"id":297,"href":"https:\/\/islatravelandevents.com\/en\/wp-json\/wp\/v2\/pages\/150\/revisions\/297"}],"wp:attachment":[{"href":"https:\/\/islatravelandevents.com\/en\/wp-json\/wp\/v2\/media?parent=150"}],"curies":[{"name":"wp","href":"https:\/\/api.w.org\/{rel}","templated":true}]}}