{"id":22,"date":"2025-08-20T10:10:23","date_gmt":"2025-08-20T08:10:23","guid":{"rendered":"https:\/\/islatravelandevents.com\/?page_id=22"},"modified":"2025-09-24T10:26:51","modified_gmt":"2025-09-24T08:26:51","slug":"blog","status":"publish","type":"page","link":"https:\/\/islatravelandevents.com\/en\/blog\/","title":{"rendered":"Blog"},"content":{"rendered":"<p>[et_pb_section fb_built=\u00bb1&#8243; custom_padding_last_edited=\u00bbon|tablet\u00bb module_class=\u00bbzoom-effect\u00bb _builder_version=\u00bb4.27.4&#8243; _module_preset=\u00bbdefault\u00bb background_color=\u00bbRGBA(255,255,255,0)\u00bb background_image=\u00bbhttps:\/\/islatravelandevents.com\/wp-content\/uploads\/2025\/09\/articulos-del-blog-de-viajes-y-eventos.jpg\u00bb background_blend=\u00bbmultiply\u00bb custom_margin=\u00bb0px||0px||false|false\u00bb custom_padding=\u00bb325px||288px||false|false\u00bb custom_padding_tablet=\u00bb200px||200px||false|false\u00bb custom_padding_phone=\u00bb115px||102px||false|false\u00bb hover_enabled=\u00bb0&#8243; custom_css_free_form=\u00bb||||\u00bb global_colors_info=\u00bb{}\u00bb background_last_edited=\u00bbon|phone\u00bb title_text=\u00bbBlog de viajes y eventos Isla Travel &#038; Events\u00bb background_image_phone=\u00bbhttps:\/\/islatravelandevents.com\/wp-content\/uploads\/2025\/09\/Blog-de-viajes-y-eventos-Isla-Travel-Events.jpg\u00bb background_enable_image_phone=\u00bbon\u00bb sticky_enabled=\u00bb0&#8243;][et_pb_row column_structure=\u00bb3_4,1_4&#8243; use_custom_gutter=\u00bbon\u00bb gutter_width=\u00bb1&#8243; _builder_version=\u00bb4.23&#8243; _module_preset=\u00bbdefault\u00bb width=\u00bb95%\u00bb max_width=\u00bb1480px\u00bb custom_margin=\u00bb-75px|auto|0px|auto|false|false\u00bb custom_padding=\u00bb0px||0px||false|false\u00bb animation_style=\u00bbfade\u00bb animation_speed_curve=\u00bbease\u00bb global_colors_info=\u00bb{}\u00bb][et_pb_column type=\u00bb3_4&#8243; _builder_version=\u00bb4.23&#8243; _module_preset=\u00bbdefault\u00bb global_colors_info=\u00bb{}\u00bb][et_pb_text _builder_version=\u00bb4.27.4&#8243; _module_preset=\u00bbdefault\u00bb text_font=\u00bbLato||||||||\u00bb text_text_color=\u00bb#FFFFFF\u00bb text_font_size=\u00bb26px\u00bb text_line_height=\u00bb1.6em\u00bb header_font=\u00bbLato|300||on|||||\u00bb header_text_color=\u00bb#FFFFFF\u00bb header_font_size=\u00bb19px\u00bb header_line_height=\u00bb2.1em\u00bb header_2_font=\u00bbLato||||||||\u00bb header_2_text_color=\u00bb#FFFFFF\u00bb header_2_font_size=\u00bb28px\u00bb header_2_line_height=\u00bb1.5em\u00bb width=\u00bb100%\u00bb max_width=\u00bb700%\u00bb custom_margin=\u00bb0px||0px||false|false\u00bb custom_margin_tablet=\u00bb0px||0px||false|false\u00bb custom_margin_phone=\u00bb61px||||false|false\u00bb custom_margin_last_edited=\u00bbon|phone\u00bb custom_padding=\u00bb0px||0px||false|false\u00bb text_font_size_tablet=\u00bb24px\u00bb text_font_size_phone=\u00bb20px\u00bb text_font_size_last_edited=\u00bbon|phone\u00bb header_font_size_tablet=\u00bb19px\u00bb header_font_size_phone=\u00bb17px\u00bb header_font_size_last_edited=\u00bbon|phone\u00bb global_colors_info=\u00bb{}\u00bb]<\/p>\n<h1>Art\u00edculos de viajes y eventos<strong> | Isla Travel &amp; Events<\/strong><\/h1>\n<p>[\/et_pb_text][et_pb_text _builder_version=\u00bb4.27.4&#8243; _module_preset=\u00bbdefault\u00bb header_font=\u00bbLibre Baskerville||||||||\u00bb header_text_align=\u00bbleft\u00bb header_text_color=\u00bb#FFFFFF\u00bb header_font_size=\u00bb71px\u00bb header_line_height=\u00bb1.03em\u00bb header_2_font=\u00bbPlayfair Display|700|||||||\u00bb header_2_text_color=\u00bb#F2EFED\u00bb header_2_font_size=\u00bb53px\u00bb header_2_line_height=\u00bb1.3em\u00bb width=\u00bb100%\u00bb max_width=\u00bb800px\u00bb custom_margin=\u00bb0px||24px||false|false\u00bb custom_padding=\u00bb0px||0px||false|false\u00bb header_font_size_tablet=\u00bb71px\u00bb header_font_size_phone=\u00bb34px\u00bb header_font_size_last_edited=\u00bbon|phone\u00bb header_2_font_size_tablet=\u00bb53px\u00bb header_2_font_size_phone=\u00bb35px\u00bb header_2_font_size_last_edited=\u00bbon|phone\u00bb global_colors_info=\u00bb{}\u00bb]<\/p>\n<h2>Insp\u00edrate con nuestros <em>art\u00edculos de viajes y eventos<\/em><\/h2>\n<p>[\/et_pb_text][et_pb_text _builder_version=\u00bb4.27.4&#8243; _module_preset=\u00bbdefault\u00bb text_font=\u00bbLato||||||||\u00bb text_text_color=\u00bb#FFFFFF\u00bb text_font_size=\u00bb26px\u00bb text_line_height=\u00bb1.6em\u00bb header_2_font=\u00bbLato||||||||\u00bb header_2_text_color=\u00bb#FFFFFF\u00bb header_2_line_height=\u00bb1.5em\u00bb width=\u00bb100%\u00bb max_width=\u00bb700%\u00bb custom_margin=\u00bb0px||0px||false|false\u00bb custom_padding=\u00bb0px||0px||false|false\u00bb text_font_size_tablet=\u00bb24px\u00bb text_font_size_phone=\u00bb20px\u00bb text_font_size_last_edited=\u00bbon|phone\u00bb header_2_font_size_tablet=\u00bb\u00bb header_2_font_size_phone=\u00bb20px\u00bb header_2_font_size_last_edited=\u00bbon|phone\u00bb global_colors_info=\u00bb{}\u00bb]<\/p>\n<h2>Ideas, consejos y reflexiones para que tu pr\u00f3xima experiencia sea \u00fanica y sin estr\u00e9s.<\/h2>\n<p>[\/et_pb_text][\/et_pb_column][et_pb_column type=\u00bb1_4&#8243; _builder_version=\u00bb4.22.1&#8243; _module_preset=\u00bbdefault\u00bb custom_css_main_element=\u00bbtext-align:right;\u00bb global_colors_info=\u00bb{}\u00bb custom_css_main_element_last_edited=\u00bbon|tablet\u00bb custom_css_main_element_tablet=\u00bbtext-align:left;\u00bb custom_css_main_element_phone=\u00bbtext-align:left;\u00bb][\/et_pb_column][\/et_pb_row][\/et_pb_section][et_pb_section fb_built=\u00bb1&#8243; _builder_version=\u00bb4.16&#8243; custom_padding=\u00bb90px|0px|39px|0px|false|false\u00bb global_colors_info=\u00bb{}\u00bb custom_margin=\u00bb-3px|||||\u00bb][et_pb_row use_custom_gutter=\u00bbon\u00bb gutter_width=\u00bb2&#8243; make_equal=\u00bbon\u00bb _builder_version=\u00bb4.27.4&#8243; width=\u00bb100%\u00bb max_width=\u00bb1250px\u00bb global_colors_info=\u00bb{}\u00bb][et_pb_column type=\u00bb4_4&#8243; _builder_version=\u00bb4.16&#8243; custom_padding=\u00bb|||\u00bb global_colors_info=\u00bb{}\u00bb custom_padding__hover=\u00bb|||\u00bb][et_pb_blog fullwidth=\u00bboff\u00bb posts_number=\u00bb6&#8243; include_categories=\u00bball\u00bb show_author=\u00bboff\u00bb _builder_version=\u00bb4.27.4&#8243; _dynamic_attributes=\u00bblink_option_url\u00bb header_font=\u00bb|600|||||||\u00bb header_font_size=\u00bb20px\u00bb body_font=\u00bb||||||||\u00bb body_line_height=\u00bb1.8em\u00bb meta_font=\u00bb||||||||\u00bb meta_font_size=\u00bb13px\u00bb custom_padding=\u00bb12px|10px|12px|10px|true|true\u00bb link_option_url=\u00bb@ET-DC@eyJkeW5hbWljIjp0cnVlLCJjb250ZW50IjoicG9zdF9saW5rX3VybF9wb3N0Iiwic2V0dGluZ3MiOnsicG9zdF9pZCI6IjgxNjU1In19@\u00bb border_width_all=\u00bb2px\u00bb border_color_all=\u00bb#F2EFED\u00bb global_colors_info=\u00bb{}\u00bb][\/et_pb_blog][\/et_pb_column][\/et_pb_row][\/et_pb_section][et_pb_section fb_built=\u00bb1&#8243; custom_padding_last_edited=\u00bbon|tablet\u00bb _builder_version=\u00bb4.27.4&#8243; _module_preset=\u00bbdefault\u00bb background_color=\u00bb#F2EFED\u00bb custom_margin=\u00bb0px||0px||false|false\u00bb custom_padding=\u00bb156px||114px||false|false\u00bb custom_padding_tablet=\u00bb120px||120px||false|false\u00bb custom_padding_phone=\u00bb86px||90px||false|false\u00bb global_colors_info=\u00bb{}\u00bb][et_pb_row column_structure=\u00bb1_2,1_2&#8243; use_custom_gutter=\u00bbon\u00bb gutter_width=\u00bb1&#8243; _builder_version=\u00bb4.22.1&#8243; _module_preset=\u00bbdefault\u00bb width=\u00bb90%\u00bb max_width=\u00bb1280px\u00bb custom_margin=\u00bb0px||0px||false|false\u00bb custom_padding=\u00bb0px||0px||false|false\u00bb global_colors_info=\u00bb{}\u00bb][et_pb_column type=\u00bb1_2&#8243; _builder_version=\u00bb4.22.1&#8243; _module_preset=\u00bbdefault\u00bb animation_style=\u00bbfade\u00bb animation_delay=\u00bb500ms\u00bb animation_speed_curve=\u00bbease\u00bb global_colors_info=\u00bb{}\u00bb][et_pb_text _builder_version=\u00bb4.27.4&#8243; _module_preset=\u00bbdefault\u00bb header_2_font=\u00bbPlayfair Display||||||||\u00bb header_2_text_align=\u00bbleft\u00bb header_2_text_color=\u00bb#A5917E\u00bb header_2_font_size=\u00bb53px\u00bb header_2_line_height=\u00bb1.2em\u00bb max_width=\u00bb630px\u00bb custom_margin=\u00bb0px||21px||false|false\u00bb custom_margin_tablet=\u00bb0px||40px||false|false\u00bb custom_margin_phone=\u00bb||20px||false|false\u00bb custom_margin_last_edited=\u00bbon|tablet\u00bb custom_padding=\u00bb0px||0px||false|false\u00bb header_2_font_size_tablet=\u00bb53px\u00bb header_2_font_size_phone=\u00bb34px\u00bb header_2_font_size_last_edited=\u00bbon|phone\u00bb global_colors_info=\u00bb{}\u00bb]<\/p>\n<h2>\u00bfListos para <em><strong>dise\u00f1ar un viaje<\/strong><\/em> que hable de ti?<\/h2>\n<p>[\/et_pb_text][et_pb_text _builder_version=\u00bb4.27.4&#8243; _module_preset=\u00bbdefault\u00bb text_font=\u00bbPlayfair Display||on||||||\u00bb text_font_size=\u00bb21px\u00bb text_line_height=\u00bb1.5em\u00bb text_font_size_tablet=\u00bb19px\u00bb text_font_size_phone=\u00bb20px\u00bb text_font_size_last_edited=\u00bbon|phone\u00bb global_colors_info=\u00bb{}\u00bb]<\/p>\n<p>Te escuchamos, te asesoramos y creamos <strong>un itinerario a tu medida<\/strong> \u2014 sin estr\u00e9s y con cada detalle cuidado.<\/p>\n<p>[\/et_pb_text][\/et_pb_column][et_pb_column type=\u00bb1_2&#8243; _builder_version=\u00bb4.22.1&#8243; _module_preset=\u00bbdefault\u00bb global_colors_info=\u00bb{}\u00bb][et_pb_text _builder_version=\u00bb4.27.4&#8243; _module_preset=\u00bbdefault\u00bb text_font=\u00bbLato||||||||\u00bb text_text_color=\u00bb#7F6246&#8243; text_font_size=\u00bb32px\u00bb text_line_height=\u00bb1.6em\u00bb custom_margin=\u00bb-3px||0px||false|false\u00bb custom_margin_tablet=\u00bb0px||80px||false|false\u00bb custom_margin_phone=\u00bb33px||33px||true|false\u00bb custom_margin_last_edited=\u00bbon|tablet\u00bb custom_padding=\u00bb0px||0px|34%|false|false\u00bb custom_padding_tablet=\u00bb0px||0px|0%|false|false\u00bb custom_padding_phone=\u00bb0px||0px|0%|false|false\u00bb custom_padding_last_edited=\u00bbon|tablet\u00bb text_font_size_tablet=\u00bb24px\u00bb text_font_size_phone=\u00bb18px\u00bb text_font_size_last_edited=\u00bbon|phone\u00bb global_colors_info=\u00bb{}\u00bb]<\/p>\n<p><span style=\"text-decoration: underline;\"><em><strong>Cu\u00e9ntanos qu\u00e9 sue\u00f1as vivir<\/strong><\/em><\/span> y lo convertimos en un plan claro, bonito y bien organizado. Desde la primera llamada, <strong>estar\u00e1s en buenas manos.<\/strong><\/p>\n<p>[\/et_pb_text][\/et_pb_column][\/et_pb_row][et_pb_row _builder_version=\u00bb4.23&#8243; _module_preset=\u00bbdefault\u00bb custom_padding=\u00bb60px|||||\u00bb global_colors_info=\u00bb{}\u00bb][et_pb_column type=\u00bb4_4&#8243; _builder_version=\u00bb4.23&#8243; _module_preset=\u00bbdefault\u00bb global_colors_info=\u00bb{}\u00bb][et_pb_button button_url=\u00bbhttps:\/\/islatravelandevents.com\/contacto\/#contacto\u00bb button_text=\u00bbDise\u00f1emos tu itinerario\u00bb button_alignment=\u00bbcenter\u00bb _builder_version=\u00bb4.27.4&#8243; _module_preset=\u00bbdefault\u00bb custom_button=\u00bbon\u00bb button_text_size=\u00bb24px\u00bb button_text_color=\u00bb#FFFFFF\u00bb button_bg_color=\u00bb#7F6246&#8243; button_border_width=\u00bb1px\u00bb button_border_color=\u00bb#FFFFFF\u00bb button_border_radius=\u00bb0px\u00bb button_font=\u00bbLato||||||||\u00bb button_icon=\u00bb&#x24;||divi||400&#8243; button_icon_color=\u00bb#FFFFFF\u00bb custom_margin=\u00bb19px||||false|false\u00bb button_text_size_tablet=\u00bb24px\u00bb button_text_size_phone=\u00bb18px\u00bb button_text_size_last_edited=\u00bbon|phone\u00bb global_colors_info=\u00bb{}\u00bb button_bg_color__hover_enabled=\u00bbon|desktop\u00bb button_bg_color__hover=\u00bb#004B49&#8243; button_bg_enable_color__hover=\u00bbon\u00bb button_text_color__hover_enabled=\u00bbon|desktop\u00bb button_text_color__hover=\u00bb#FFFFFF\u00bb][\/et_pb_button][et_pb_text _builder_version=\u00bb4.27.4&#8243; _module_preset=\u00bbdefault\u00bb text_font=\u00bbLato||||||||\u00bb text_text_color=\u00bb#7F6246&#8243; text_font_size=\u00bb17px\u00bb text_line_height=\u00bb1.5em\u00bb text_orientation=\u00bbcenter\u00bb text_font_size_tablet=\u00bb21px\u00bb text_font_size_phone=\u00bb16px\u00bb text_font_size_last_edited=\u00bbon|phone\u00bb global_colors_info=\u00bb{}\u00bb]<\/p>\n<p>Respuesta en 24\u201348 h\u00a0 \u00a0\u00b7\u00a0 \u00a0Propuesta a medida\u00a0 \u00a0\u00b7\u00a0 \u00a0Acompa\u00f1amiento antes, durante y despu\u00e9s<\/p>\n<p>[\/et_pb_text][\/et_pb_column][\/et_pb_row][\/et_pb_section][et_pb_section fb_built=\u00bb1&#8243; custom_padding_last_edited=\u00bbon|tablet\u00bb _builder_version=\u00bb4.27.4&#8243; _module_preset=\u00bbdefault\u00bb background_color=\u00bb#403123&#8243; custom_margin=\u00bb0px||0px||false|false\u00bb custom_padding=\u00bb156px||12px||false|false\u00bb custom_padding_tablet=\u00bb111px||120px||false|false\u00bb custom_padding_phone=\u00bb82px||90px||false|false\u00bb global_module=\u00bb51&#8243; saved_tabs=\u00bball\u00bb global_colors_info=\u00bb{}\u00bb][et_pb_row column_structure=\u00bb1_2,1_2&#8243; use_custom_gutter=\u00bbon\u00bb gutter_width=\u00bb1&#8243; _builder_version=\u00bb4.27.4&#8243; _module_preset=\u00bbdefault\u00bb width=\u00bb90%\u00bb max_width=\u00bb1280px\u00bb custom_margin=\u00bb0px||143px||false|false\u00bb custom_margin_tablet=\u00bb0px||103px||false|false\u00bb custom_margin_phone=\u00bb||72px||false|false\u00bb custom_margin_last_edited=\u00bbon|tablet\u00bb custom_padding=\u00bb0px||0px||false|false\u00bb animation_style=\u00bbfade\u00bb animation_delay=\u00bb500ms\u00bb animation_speed_curve=\u00bbease\u00bb global_colors_info=\u00bb{}\u00bb][et_pb_column type=\u00bb1_2&#8243; _builder_version=\u00bb4.22.1&#8243; _module_preset=\u00bbdefault\u00bb global_colors_info=\u00bb{}\u00bb][et_pb_image src=\u00bbhttps:\/\/islatravelandevents.com\/wp-content\/uploads\/2025\/08\/logo-sin-slogan-blanco.png\u00bb title_text=\u00bblogo sin slogan blanco\u00bb url=\u00bbhttps:\/\/islatravelandevents.com\/\u00bb _builder_version=\u00bb4.27.4&#8243; _module_preset=\u00bbdefault\u00bb width=\u00bb31%\u00bb global_colors_info=\u00bb{}\u00bb][\/et_pb_image][et_pb_text _builder_version=\u00bb4.27.4&#8243; _module_preset=\u00bbdefault\u00bb header_2_font=\u00bbLato||||||||\u00bb header_2_text_color=\u00bb#F2EFED\u00bb header_2_font_size=\u00bb18px\u00bb header_2_line_height=\u00bb1.4em\u00bb custom_margin=\u00bb10px||||false|false\u00bb link_option_url=\u00bbhttps:\/\/islatravelandevents.com\/\u00bb header_2_font_size_tablet=\u00bb\u00bb header_2_font_size_phone=\u00bb\u00bb header_2_font_size_last_edited=\u00bbon|phone\u00bb header_2_line_height_tablet=\u00bb\u00bb header_2_line_height_phone=\u00bb1.4em\u00bb header_2_line_height_last_edited=\u00bbon|desktop\u00bb global_colors_info=\u00bb{}\u00bb]<\/p>\n<h2><strong>AGENCIA<\/strong> <strong>DE VIAJES ONLINE Y EVENTOS \u00cdNTIMOS<\/strong> PERSONALIZADOS<\/h2>\n<p>[\/et_pb_text][et_pb_text _builder_version=\u00bb4.27.4&#8243; _module_preset=\u00bbdefault\u00bb header_2_font=\u00bbPlayfair Display||||||||\u00bb header_2_text_align=\u00bbleft\u00bb header_2_text_color=\u00bb#A5917E\u00bb header_2_font_size=\u00bb53px\u00bb header_2_line_height=\u00bb1.2em\u00bb max_width=\u00bb630px\u00bb custom_margin=\u00bb40px||40px||true|false\u00bb custom_margin_tablet=\u00bb0px||40px||false|false\u00bb custom_margin_phone=\u00bb||20px||false|false\u00bb custom_margin_last_edited=\u00bbon|tablet\u00bb custom_padding=\u00bb11px||0px||false|false\u00bb header_2_font_size_tablet=\u00bb53px\u00bb header_2_font_size_phone=\u00bb30px\u00bb header_2_font_size_last_edited=\u00bbon|phone\u00bb global_colors_info=\u00bb{}\u00bb]<\/p>\n<h2><em>Cada viaje o evento deja una huella.<\/em> El tuyo puede empezar aqu\u00ed.<\/h2>\n<p>[\/et_pb_text][et_pb_text _builder_version=\u00bb4.27.4&#8243; _module_preset=\u00bbdefault\u00bb text_font=\u00bbPlayfair Display||on||||||\u00bb text_text_color=\u00bb#F2EFED\u00bb text_font_size=\u00bb21px\u00bb text_line_height=\u00bb1.5em\u00bb text_font_size_tablet=\u00bb\u00bb text_font_size_phone=\u00bb20px\u00bb text_font_size_last_edited=\u00bbon|phone\u00bb global_colors_info=\u00bb{}\u00bb]<\/p>\n<p>Gracias por llegar hasta aqu\u00ed. Estaremos encantados de ayudarte a crear una experiencia con sentido.<\/p>\n<p>[\/et_pb_text][\/et_pb_column][et_pb_column type=\u00bb1_2&#8243; _builder_version=\u00bb4.27.4&#8243; _module_preset=\u00bbdefault\u00bb custom_padding=\u00bb|||300px|false|false\u00bb custom_padding_tablet=\u00bb|||0%|false|false\u00bb custom_padding_phone=\u00bb|||0%|false|false\u00bb custom_padding_last_edited=\u00bbon|tablet\u00bb global_colors_info=\u00bb{}\u00bb][et_pb_text _builder_version=\u00bb4.27.4&#8243; _module_preset=\u00bbdefault\u00bb text_font=\u00bbLato||||||||\u00bb text_text_color=\u00bb#F2EFED\u00bb text_font_size=\u00bb18px\u00bb text_line_height=\u00bb1.6em\u00bb max_width=\u00bb210px\u00bb custom_margin=\u00bb0px||23px||false|false\u00bb custom_padding=\u00bb0px||0px||false|false\u00bb global_colors_info=\u00bb{}\u00bb]<\/p>\n<p>&nbsp;<\/p>\n<p><strong>TENERIFE<\/strong><\/p>\n<p>[\/et_pb_text][et_pb_blurb title=\u00bb+34 641 751 911&#8243; image=\u00bbhttps:\/\/islatravelandevents.com\/wp-content\/uploads\/2025\/08\/interior-designer-6-iux-2phone.png\u00bb icon_placement=\u00bbleft\u00bb image_icon_width=\u00bb20px\u00bb _builder_version=\u00bb4.27.4&#8243; _module_preset=\u00bbdefault\u00bb header_font=\u00bbLato||||||||\u00bb header_text_align=\u00bbleft\u00bb header_text_color=\u00bb#FFFFFF\u00bb header_font_size=\u00bb25px\u00bb image_icon_custom_margin=\u00bb2px|0px|0px|0px|false|false\u00bb image_icon_custom_padding=\u00bb0px||0px||false|false\u00bb max_width=\u00bb295px\u00bb module_alignment=\u00bbright\u00bb custom_margin=\u00bb0px||13px||false|false\u00bb custom_padding=\u00bb0px||0px||false|false\u00bb animation=\u00bboff\u00bb link_option_url=\u00bb#\u00bb header_font_size_tablet=\u00bb25px\u00bb header_font_size_phone=\u00bb23px\u00bb header_font_size_last_edited=\u00bbon|phone\u00bb custom_css_main_element=\u00bbdisplay:inline-block;\u00bb custom_css_blurb_title=\u00bbmargin-left:-8px;\u00bb custom_css_blurb_content=\u00bbmargin:0px;\u00bb global_colors_info=\u00bb{}\u00bb header_text_color__hover_enabled=\u00bbon|hover\u00bb header_text_color__hover=\u00bb#818b8d\u00bb][\/et_pb_blurb][et_pb_text _builder_version=\u00bb4.27.4&#8243; _module_preset=\u00bbdefault\u00bb text_font=\u00bbLato|||||||#F2EFED|\u00bb text_text_color=\u00bb#F2EFED\u00bb text_font_size=\u00bb16px\u00bb text_line_height=\u00bb1.6em\u00bb link_text_color=\u00bb#F2EFED\u00bb max_width=\u00bb210px\u00bb custom_margin=\u00bb0px||24px||false|false\u00bb custom_padding=\u00bb0px||0px||false|false\u00bb link_option_url=\u00bb#\u00bb global_colors_info=\u00bb{}\u00bb text_text_color__hover_enabled=\u00bbon|desktop\u00bb text_text_color__hover=\u00bb#FFFFFF\u00bb]<\/p>\n<p>info@islatravelandevents.com<\/p>\n<p>[\/et_pb_text][et_pb_social_media_follow _builder_version=\u00bb4.27.4&#8243; _module_preset=\u00bbdefault\u00bb custom_margin=\u00bb||25px|||\u00bb global_colors_info=\u00bb{}\u00bb][et_pb_social_media_follow_network social_network=\u00bbfacebook\u00bb url=\u00bbhttps:\/\/www.facebook.com\/profile.php?id=61577957770106&#8243; icon_color=\u00bb#818b8d\u00bb use_icon_font_size=\u00bbon\u00bb icon_font_size=\u00bb23px\u00bb _builder_version=\u00bb4.27.4&#8243; _module_preset=\u00bbdefault\u00bb background_enable_color=\u00bboff\u00bb custom_margin=\u00bb0px||0px|-15px|false|false\u00bb custom_padding=\u00bb0px||0px|1px|false|false\u00bb global_colors_info=\u00bb{}\u00bb icon_color__hover_enabled=\u00bbon|hover\u00bb icon_color__hover=\u00bb#FFFFFF\u00bb follow_button=\u00bboff\u00bb url_new_window=\u00bbon\u00bb]facebook[\/et_pb_social_media_follow_network][et_pb_social_media_follow_network social_network=\u00bbinstagram\u00bb url=\u00bbhttps:\/\/www.instagram.com\/islatravelandevents?igsh=ZXNtZmp6eXJpNHRj&#038;utm_source=qr\u00bb icon_color=\u00bb#818b8d\u00bb use_icon_font_size=\u00bbon\u00bb icon_font_size=\u00bb23px\u00bb _builder_version=\u00bb4.27.4&#8243; _module_preset=\u00bbdefault\u00bb background_enable_color=\u00bboff\u00bb custom_margin=\u00bb0px||0px||false|false\u00bb custom_padding=\u00bb0px||0px||false|false\u00bb global_colors_info=\u00bb{}\u00bb icon_color__hover=\u00bb#FFFFFF\u00bb icon_color__hover_enabled=\u00bbon|hover\u00bb follow_button=\u00bboff\u00bb url_new_window=\u00bbon\u00bb]instagram[\/et_pb_social_media_follow_network][\/et_pb_social_media_follow][et_pb_text _builder_version=\u00bb4.27.4&#8243; _module_preset=\u00bbdefault\u00bb text_font=\u00bbLato||||||||\u00bb text_text_color=\u00bb#F2EFED\u00bb text_font_size=\u00bb16px\u00bb custom_margin=\u00bb23px||||false|false\u00bb custom_padding=\u00bb||||false|false\u00bb global_colors_info=\u00bb{}\u00bb]<\/p>\n<p><strong>NAVEGACI\u00d3N<\/strong><\/p>\n<p>[\/et_pb_text][et_pb_divider color=\u00bb#F2EFED\u00bb divider_position=\u00bbcenter\u00bb divider_weight=\u00bb5px\u00bb _builder_version=\u00bb4.27.4&#8243; _module_preset=\u00bbdefault\u00bb width=\u00bb9%\u00bb custom_padding=\u00bb7px||||false|false\u00bb global_colors_info=\u00bb{}\u00bb][\/et_pb_divider][et_pb_text _builder_version=\u00bb4.27.4&#8243; _module_preset=\u00bbdefault\u00bb text_font=\u00bbLato||||||||\u00bb text_text_color=\u00bb#F2EFED\u00bb text_font_size=\u00bb16px\u00bb text_line_height=\u00bb1.1em\u00bb link_font=\u00bbLato||||||||\u00bb link_text_color=\u00bb#FFFFFF\u00bb custom_margin=\u00bb23px||||false|false\u00bb custom_padding=\u00bb||||false|false\u00bb global_colors_info=\u00bb{}\u00bb]<\/p>\n<p><a href=\"https:\/\/islatravelandevents.com\/\">HOME<\/a><\/p>\n<p><a href=\"https:\/\/islatravelandevents.com\/\">VIAJES<\/a><\/p>\n<p><a href=\"https:\/\/islatravelandevents.com\/eventos\/\">EVENTOS<\/a><\/p>\n<p><a href=\"https:\/\/islatravelandevents.com\/sobre-nosotros\/\">SOBRE NOSOTROS<\/a><\/p>\n<p><a href=\"https:\/\/islatravelandevents.com\/blog\/\">BLOG<\/a><\/p>\n<p><a href=\"https:\/\/islatravelandevents.com\/contacto\/\">CONTACTO<\/a><\/p>\n<p><a href=\"https:\/\/islatravelandevents.com\/aviso-legal\/\">AVISO LEGAL<\/a><\/p>\n<p><a href=\"https:\/\/islatravelandevents.com\/politica-de-privacidad\/\">POL\u00cdTICA DE PRIVACIDAD<\/a><\/p>\n<p><a href=\"https:\/\/islatravelandevents.com\/politica-de-cookies\/\">POL\u00cdTICA DE COOKIES<\/a><\/p>\n<p>[\/et_pb_text][\/et_pb_column][\/et_pb_row][\/et_pb_section]<\/p>\n","protected":false},"excerpt":{"rendered":"<p>Art\u00edculos de viajes y eventos | Isla Travel &amp; EventsInsp\u00edrate con nuestros art\u00edculos de viajes y eventosIdeas, consejos y reflexiones para que tu pr\u00f3xima experiencia sea \u00fanica y sin estr\u00e9s.\u00bfListos para dise\u00f1ar un viaje que hable de ti?Te escuchamos, te asesoramos y creamos un itinerario a tu medida \u2014 sin estr\u00e9s y con cada detalle [&hellip;]<\/p>\n","protected":false},"author":1,"featured_media":0,"parent":0,"menu_order":0,"comment_status":"closed","ping_status":"closed","template":"","meta":{"_et_pb_use_builder":"on","_et_pb_old_content":"<!-- wp:divi\/placeholder \/-->","_et_gb_content_width":"","_joinchat":[],"footnotes":""},"class_list":["post-22","page","type-page","status-publish","hentry"],"_links":{"self":[{"href":"https:\/\/islatravelandevents.com\/en\/wp-json\/wp\/v2\/pages\/22","targetHints":{"allow":["GET"]}}],"collection":[{"href":"https:\/\/islatravelandevents.com\/en\/wp-json\/wp\/v2\/pages"}],"about":[{"href":"https:\/\/islatravelandevents.com\/en\/wp-json\/wp\/v2\/types\/page"}],"author":[{"embeddable":true,"href":"https:\/\/islatravelandevents.com\/en\/wp-json\/wp\/v2\/users\/1"}],"replies":[{"embeddable":true,"href":"https:\/\/islatravelandevents.com\/en\/wp-json\/wp\/v2\/comments?post=22"}],"version-history":[{"count":18,"href":"https:\/\/islatravelandevents.com\/en\/wp-json\/wp\/v2\/pages\/22\/revisions"}],"predecessor-version":[{"id":820,"href":"https:\/\/islatravelandevents.com\/en\/wp-json\/wp\/v2\/pages\/22\/revisions\/820"}],"wp:attachment":[{"href":"https:\/\/islatravelandevents.com\/en\/wp-json\/wp\/v2\/media?parent=22"}],"curies":[{"name":"wp","href":"https:\/\/api.w.org\/{rel}","templated":true}]}}